{"id":356,"date":"2025-06-04T13:28:57","date_gmt":"2025-06-04T11:28:57","guid":{"rendered":"https:\/\/jongejans.com\/?page_id=356"},"modified":"2025-06-04T13:29:09","modified_gmt":"2025-06-04T11:29:09","slug":"confidentialite","status":"publish","type":"page","link":"https:\/\/jongejans.com\/fr\/confidentialite\/","title":{"rendered":"Confidentialit\u00e9"},"content":{"rendered":"<p><strong>Jongejans Air Technology BV<\/strong><br \/>\nBreeuwersweg 5<br \/>\n1786 PG Den Helder<br \/>\n0223-660666<br \/>\n<a href=\"mailto:info@jongejans.com\">info@jongejans.com<\/a><\/p>\n<p><strong>Collecte et utilisation des donn\u00e9es personnelles des clients, fournisseurs et autres sous-traitants.<\/strong><br \/>\nNous vous informons que nous collectons et utilisons les donn\u00e9es personnelles que vous nous fournissez car cela est n\u00e9cessaire \u00e0 la conclusion et \u00e0 l&#039;ex\u00e9cution de tout contrat avec vous. Ceci s&#039;applique aussi bien \u00e0 nos clients (potentiels) qu&#039;aux parties aupr\u00e8s desquelles nous achetons des biens et\/ou des services.<\/p>\n<p>Si vous \u00eates un de nos clients (potentiels), nous utilisons vos donn\u00e9es pour vous envoyer un devis, pour d\u00e9terminer \u00e0 quelles sp\u00e9cifications ou souhaits un article ou un service particulier doit r\u00e9pondre, pour livrer des articles ou effectuer des travaux pour vous, pour vous facturer et pour communiquer avec vous de mani\u00e8re fluide et efficace sur les aspects de mise en \u0153uvre de l&#039;accord.<\/p>\n<p>Si vous \u00eates un fournisseur (potentiel) ou un autre prestataire, vos donn\u00e9es personnelles sont \u00e9galement n\u00e9cessaires \u00e0 la conclusion et \u00e0 l&#039;ex\u00e9cution du contrat. Pour les achats, elles sont n\u00e9cessaires pour vous informer des sp\u00e9cifications ou exigences auxquelles un produit ou service sp\u00e9cifique doit r\u00e9pondre, pour vous envoyer une demande de devis ou passer commande, pour r\u00e9gler vos factures et pour communiquer avec vous de mani\u00e8re fluide et efficace sur d&#039;autres aspects du contrat.<\/p>\n<p>Vous n&#039;\u00eates pas oblig\u00e9 de nous fournir vos donn\u00e9es personnelles. Cependant, si vous ne nous fournissez pas de donn\u00e9es personnelles ou si elles sont insuffisantes, nous pourrions ne pas \u00eatre en mesure de r\u00e9aliser les activit\u00e9s susmentionn\u00e9es.<\/p>\n<h3>Cookies<\/h3>\n<p>Les cookies sont de petits fichiers texte enregistr\u00e9s sur votre ordinateur, tablette ou smartphone lorsque vous visitez notre site web. Ces fichiers texte stockent des informations que le site web peut reconna\u00eetre lors de vos visites ult\u00e9rieures.<\/p>\n<p>Nous utilisons \u00e9galement des cookies fonctionnels pour faciliter l&#039;utilisation de notre site web. Cela permet, par exemple, de stocker des produits dans votre panier ou de m\u00e9moriser vos identifiants de connexion lors de votre visite.<\/p>\n<p>Les cookies analytiques nous permettent de savoir quelles pages sont visit\u00e9es et quelles sections de notre site web sont consult\u00e9es. Nous utilisons Google Analytics \u00e0 cette fin. Les informations ainsi collect\u00e9es par Google sont anonymis\u00e9es autant que possible.<\/p>\n<p><strong>Transfert \u00e0 des tiers<\/strong><br \/>\nDans le cadre de l\u2019ex\u00e9cution de tout accord avec vous, nous pouvons \u00eatre amen\u00e9s \u00e0 fournir vos donn\u00e9es personnelles \u00e0 des parties qui nous fournissent des pi\u00e8ces, des mat\u00e9riaux et des produits ou qui effectuent des travaux en notre nom.<\/p>\n<p><strong>Dur\u00e9e de conservation des donn\u00e9es personnelles<\/strong><br \/>\nSi vous nous avez demand\u00e9 un devis sans devenir client, nous supprimerons vos donn\u00e9es au plus tard un an apr\u00e8s notre dernier contact. De m\u00eame, si nous avons re\u00e7u un devis de votre part sans devenir client, vos donn\u00e9es personnelles seront supprim\u00e9es au plus tard un an apr\u00e8s notre dernier contact. Si vous \u00eates devenu client, ou si nous sommes devenus votre client, nous conserverons vos donn\u00e9es personnelles pendant sept ans apr\u00e8s la fin de l&#039;exercice au cours duquel le contrat avec vous a \u00e9t\u00e9 pleinement ex\u00e9cut\u00e9. Cette p\u00e9riode de sept ans correspond \u00e0 la p\u00e9riode pendant laquelle nous sommes tenus de conserver nos dossiers pour l&#039;administration fiscale et douani\u00e8re n\u00e9erlandaise. Pass\u00e9 ce d\u00e9lai, nous supprimerons vos donn\u00e9es personnelles.<\/p>\n<h3>Vos droits<\/h3>\n<p>Vous avez le droit de demander l&#039;acc\u00e8s \u00e0 vos donn\u00e9es personnelles. Si n\u00e9cessaire, vous pouvez \u00e9galement nous demander de compl\u00e9ter vos donn\u00e9es personnelles ou de corriger toute inexactitude. Vous avez \u00e9galement le droit de demander l&#039;effacement ou la limitation de leur utilisation. Vous pouvez \u00e9galement vous opposer \u00e0 la collecte et \u00e0 l&#039;utilisation de vos donn\u00e9es ou d\u00e9poser une plainte aupr\u00e8s de l&#039;Autorit\u00e9 n\u00e9erlandaise de protection des donn\u00e9es. Enfin, vous pouvez nous demander d&#039;obtenir vos donn\u00e9es personnelles ou de les transf\u00e9rer \u00e0 un tiers. Pour exercer vos droits, vous pouvez contacter\u00a0: Thom Goedhart, +31\u00a0223\u00a0660\u00a0666 ou\u00a0<a href=\"mailto:thom@jongejans.com\">thom@jongejans.com<\/a>Vous pouvez \u00e9galement nous contacter pour toute question ou pour plus d&#039;informations sur la collecte et l&#039;utilisation de vos donn\u00e9es personnelles.<\/p>\n<p>Den Helder, 10-04-2018<\/p>","protected":false},"excerpt":{"rendered":"<p>Jongejans Luchttechniek B.V. Breeuwersweg 5 1786 PG Den Helder 0223-660666 info@jongejans.com Verzamelen en gebruiken van persoonsgegevens van klanten, leveranciers en andere opdrachtnemers. Graag maken wij u er op attent dat wij de persoonsgegevens die u ons verstrekt, zullen verzamelen en gebruiken omdat dit noodzakelijk is om een eventuele overeenkomst met u te sluiten en uit [&hellip;]<\/p>\n","protected":false},"author":4,"featured_media":0,"parent":0,"menu_order":90,"comment_status":"closed","ping_status":"closed","template":"","meta":{"footnotes":""},"class_list":["post-356","page","type-page","status-publish","hentry"],"yoast_head":"<!-- This site is optimized with the Yoast SEO plugin v27.4 - https:\/\/yoast.com\/product\/yoast-seo-wordpress\/ -->\n<title>Privacy - Jongejans Luchttechniek - Leaders in clean air<\/title>\n<meta name=\"robots\" content=\"index, follow, max-snippet:-1, max-image-preview:large, max-video-preview:-1\" \/>\n<link rel=\"canonical\" href=\"https:\/\/jongejans.com\/fr\/confidentialite\/\" \/>\n<meta property=\"og:locale\" content=\"fr_FR\" \/>\n<meta property=\"og:type\" content=\"article\" \/>\n<meta property=\"og:title\" content=\"Privacy - Jongejans Luchttechniek - Leaders in clean air\" \/>\n<meta property=\"og:description\" content=\"Jongejans Luchttechniek B.V. Breeuwersweg 5 1786 PG Den Helder 0223-660666 info@jongejans.com Verzamelen en gebruiken van persoonsgegevens van klanten, leveranciers en andere opdrachtnemers. Graag maken wij u er op attent dat wij de persoonsgegevens die u ons verstrekt, zullen verzamelen en gebruiken omdat dit noodzakelijk is om een eventuele overeenkomst met u te sluiten en uit [&hellip;]\" \/>\n<meta property=\"og:url\" content=\"https:\/\/jongejans.com\/fr\/confidentialite\/\" \/>\n<meta property=\"og:site_name\" content=\"Jongejans Luchttechniek\" \/>\n<meta property=\"article:modified_time\" content=\"2025-06-04T11:29:09+00:00\" \/>\n<meta name=\"twitter:card\" content=\"summary_large_image\" \/>\n<script type=\"application\/ld+json\" class=\"yoast-schema-graph\">{\"@context\":\"https:\\\/\\\/schema.org\",\"@graph\":[{\"@type\":\"WebPage\",\"@id\":\"https:\\\/\\\/jongejans.com\\\/privacy\\\/\",\"url\":\"https:\\\/\\\/jongejans.com\\\/privacy\\\/\",\"name\":\"Privacy - Jongejans Luchttechniek - Leaders in clean air\",\"isPartOf\":{\"@id\":\"https:\\\/\\\/jongejans.com\\\/#website\"},\"datePublished\":\"2025-06-04T11:28:57+00:00\",\"dateModified\":\"2025-06-04T11:29:09+00:00\",\"breadcrumb\":{\"@id\":\"https:\\\/\\\/jongejans.com\\\/privacy\\\/#breadcrumb\"},\"inLanguage\":\"fr-FR\",\"potentialAction\":[{\"@type\":\"ReadAction\",\"target\":[\"https:\\\/\\\/jongejans.com\\\/privacy\\\/\"]}]},{\"@type\":\"BreadcrumbList\",\"@id\":\"https:\\\/\\\/jongejans.com\\\/privacy\\\/#breadcrumb\",\"itemListElement\":[{\"@type\":\"ListItem\",\"position\":1,\"name\":\"Home\",\"item\":\"https:\\\/\\\/jongejans.com\\\/\"},{\"@type\":\"ListItem\",\"position\":2,\"name\":\"Privacy\"}]},{\"@type\":\"WebSite\",\"@id\":\"https:\\\/\\\/jongejans.com\\\/#website\",\"url\":\"https:\\\/\\\/jongejans.com\\\/\",\"name\":\"Jongejans Luchttechniek\",\"description\":\"Leaders in clean air\",\"publisher\":{\"@id\":\"https:\\\/\\\/jongejans.com\\\/#organization\"},\"potentialAction\":[{\"@type\":\"SearchAction\",\"target\":{\"@type\":\"EntryPoint\",\"urlTemplate\":\"https:\\\/\\\/jongejans.com\\\/?s={search_term_string}\"},\"query-input\":{\"@type\":\"PropertyValueSpecification\",\"valueRequired\":true,\"valueName\":\"search_term_string\"}}],\"inLanguage\":\"fr-FR\"},{\"@type\":\"Organization\",\"@id\":\"https:\\\/\\\/jongejans.com\\\/#organization\",\"name\":\"Jongejans Luchttechniek\",\"url\":\"https:\\\/\\\/jongejans.com\\\/\",\"logo\":{\"@type\":\"ImageObject\",\"inLanguage\":\"fr-FR\",\"@id\":\"https:\\\/\\\/jongejans.com\\\/#\\\/schema\\\/logo\\\/image\\\/\",\"url\":\"https:\\\/\\\/jongejans.com\\\/wp-content\\\/uploads\\\/2020\\\/07\\\/jongejans-logo.svg\",\"contentUrl\":\"https:\\\/\\\/jongejans.com\\\/wp-content\\\/uploads\\\/2020\\\/07\\\/jongejans-logo.svg\",\"caption\":\"Jongejans Luchttechniek\"},\"image\":{\"@id\":\"https:\\\/\\\/jongejans.com\\\/#\\\/schema\\\/logo\\\/image\\\/\"}}]}<\/script>\n<!-- \/ Yoast SEO plugin. -->","yoast_head_json":{"title":"Confidentialit\u00e9 - Jongejans Luchttechniek - Leaders en mati\u00e8re d&#039;air pur","robots":{"index":"index","follow":"follow","max-snippet":"max-snippet:-1","max-image-preview":"max-image-preview:large","max-video-preview":"max-video-preview:-1"},"canonical":"https:\/\/jongejans.com\/fr\/confidentialite\/","og_locale":"fr_FR","og_type":"article","og_title":"Privacy - Jongejans Luchttechniek - Leaders in clean air","og_description":"Jongejans Luchttechniek B.V. Breeuwersweg 5 1786 PG Den Helder 0223-660666 info@jongejans.com Verzamelen en gebruiken van persoonsgegevens van klanten, leveranciers en andere opdrachtnemers. Graag maken wij u er op attent dat wij de persoonsgegevens die u ons verstrekt, zullen verzamelen en gebruiken omdat dit noodzakelijk is om een eventuele overeenkomst met u te sluiten en uit [&hellip;]","og_url":"https:\/\/jongejans.com\/fr\/confidentialite\/","og_site_name":"Jongejans Luchttechniek","article_modified_time":"2025-06-04T11:29:09+00:00","twitter_card":"summary_large_image","schema":{"@context":"https:\/\/schema.org","@graph":[{"@type":"WebPage","@id":"https:\/\/jongejans.com\/privacy\/","url":"https:\/\/jongejans.com\/privacy\/","name":"Confidentialit\u00e9 - Jongejans Luchttechniek - Leaders en mati\u00e8re d&#039;air pur","isPartOf":{"@id":"https:\/\/jongejans.com\/#website"},"datePublished":"2025-06-04T11:28:57+00:00","dateModified":"2025-06-04T11:29:09+00:00","breadcrumb":{"@id":"https:\/\/jongejans.com\/privacy\/#breadcrumb"},"inLanguage":"fr-FR","potentialAction":[{"@type":"ReadAction","target":["https:\/\/jongejans.com\/privacy\/"]}]},{"@type":"BreadcrumbList","@id":"https:\/\/jongejans.com\/privacy\/#breadcrumb","itemListElement":[{"@type":"ListItem","position":1,"name":"Home","item":"https:\/\/jongejans.com\/"},{"@type":"ListItem","position":2,"name":"Privacy"}]},{"@type":"WebSite","@id":"https:\/\/jongejans.com\/#website","url":"https:\/\/jongejans.com\/","name":"Jongejans Luchttechniek","description":"Leaders en mati\u00e8re d&#039;air pur","publisher":{"@id":"https:\/\/jongejans.com\/#organization"},"potentialAction":[{"@type":"SearchAction","target":{"@type":"EntryPoint","urlTemplate":"https:\/\/jongejans.com\/?s={search_term_string}"},"query-input":{"@type":"PropertyValueSpecification","valueRequired":true,"valueName":"search_term_string"}}],"inLanguage":"fr-FR"},{"@type":"Organization","@id":"https:\/\/jongejans.com\/#organization","name":"Jongejans Luchttechniek","url":"https:\/\/jongejans.com\/","logo":{"@type":"ImageObject","inLanguage":"fr-FR","@id":"https:\/\/jongejans.com\/#\/schema\/logo\/image\/","url":"https:\/\/jongejans.com\/wp-content\/uploads\/2020\/07\/jongejans-logo.svg","contentUrl":"https:\/\/jongejans.com\/wp-content\/uploads\/2020\/07\/jongejans-logo.svg","caption":"Jongejans Luchttechniek"},"image":{"@id":"https:\/\/jongejans.com\/#\/schema\/logo\/image\/"}}]}},"_links":{"self":[{"href":"https:\/\/jongejans.com\/fr\/wp-json\/wp\/v2\/pages\/356","targetHints":{"allow":["GET"]}}],"collection":[{"href":"https:\/\/jongejans.com\/fr\/wp-json\/wp\/v2\/pages"}],"about":[{"href":"https:\/\/jongejans.com\/fr\/wp-json\/wp\/v2\/types\/page"}],"author":[{"embeddable":true,"href":"https:\/\/jongejans.com\/fr\/wp-json\/wp\/v2\/users\/4"}],"replies":[{"embeddable":true,"href":"https:\/\/jongejans.com\/fr\/wp-json\/wp\/v2\/comments?post=356"}],"version-history":[{"count":0,"href":"https:\/\/jongejans.com\/fr\/wp-json\/wp\/v2\/pages\/356\/revisions"}],"wp:attachment":[{"href":"https:\/\/jongejans.com\/fr\/wp-json\/wp\/v2\/media?parent=356"}],"curies":[{"name":"wp","href":"https:\/\/api.w.org\/{rel}","templated":true}]}}